{"id":8182,"date":"2025-11-27T14:41:18","date_gmt":"2025-11-27T13:41:18","guid":{"rendered":"https:\/\/maestridiluce.advmedialab.com\/cookie-policy\/"},"modified":"2025-12-02T11:02:46","modified_gmt":"2025-12-02T10:02:46","slug":"privacy-cookie-policy-maestri-di-luce","status":"publish","type":"page","link":"https:\/\/maestridiluce.net\/it\/privacy-cookie-policy-maestri-di-luce\/","title":{"rendered":"Cookie policy"},"content":{"rendered":"[vc_row type=&#8221;in_container&#8221; full_screen_row_position=&#8221;middle&#8221; column_margin=&#8221;default&#8221; column_direction=&#8221;default&#8221; column_direction_tablet=&#8221;default&#8221; column_direction_phone=&#8221;default&#8221; scene_position=&#8221;center&#8221; text_color=&#8221;dark&#8221; text_align=&#8221;left&#8221; row_border_radius=&#8221;none&#8221; row_border_radius_applies=&#8221;bg&#8221; overflow=&#8221;visible&#8221; overlay_strength=&#8221;0.3&#8243; gradient_direction=&#8221;left_to_right&#8221; shape_divider_position=&#8221;bottom&#8221; bg_image_animation=&#8221;none&#8221;][vc_column column_padding=&#8221;no-extra-padding&#8221; column_padding_tablet=&#8221;inherit&#8221; column_padding_phone=&#8221;inherit&#8221; column_padding_position=&#8221;all&#8221; column_element_direction_desktop=&#8221;default&#8221; column_element_spacing=&#8221;default&#8221; desktop_text_alignment=&#8221;default&#8221; tablet_text_alignment=&#8221;default&#8221; phone_text_alignment=&#8221;default&#8221; background_color_opacity=&#8221;1&#8243; background_hover_color_opacity=&#8221;1&#8243; column_backdrop_filter=&#8221;none&#8221; column_shadow=&#8221;none&#8221; column_border_radius=&#8221;none&#8221; column_link_target=&#8221;_self&#8221; column_position=&#8221;default&#8221; gradient_direction=&#8221;left_to_right&#8221; overlay_strength=&#8221;0.3&#8243; width=&#8221;1\/1&#8243; tablet_width_inherit=&#8221;default&#8221; animation_type=&#8221;default&#8221; bg_image_animation=&#8221;none&#8221; border_type=&#8221;simple&#8221; column_border_width=&#8221;none&#8221; column_border_style=&#8221;solid&#8221;][vc_column_text css=&#8221;&#8221; text_direction=&#8221;default&#8221;]\n<h1 class=\"p1\"><b>Privacy e cookie policy di maestridiluce.net<\/b><\/h1>\n<p class=\"p2\"><b>Titolare del trattamento dati<\/b><\/p>\n<p class=\"p2\">Il Titolare del trattamento dei dati raccolti attraverso il sito www.maestridiluce.net\u00a0 MAESTRI DI LUCE SRL\u00a0 con sede legale in Via Caduti del Lavoro 28F, 60131 Ancona tel. 0717921783 email <a href=\"mailto:info@maestridiluce.net\"><span class=\"s1\">info@maestridiluce.net<\/span><\/a><\/p>\n<p class=\"p2\"><b>Responsabile della protezione dei dati<\/b><\/p>\n<p class=\"p2\">I trattamenti connessi ai servizi web offerti tramite questo sito hanno luogo presso la predetta sede di MAESTRI DI LUCE SRL e sono curati solo da personale autorizzato.<\/p>\n<p class=\"p2\"><b>Modalit\u00e0 del trattamento dati<\/b><\/p>\n<p class=\"p2\">Il trattamento dei dati sar\u00e0 improntato ai principi di correttezza, liceit\u00e0 e trasparenza e potr\u00e0 essere effettuato anche con modalit\u00e0 automatizzate atte a memorizzarli, gestirli e trasmetterli e avverr\u00e0 mediante strumenti idonei, per quanto necessario e in conformit\u00e0 allo stato dell\u2019arte, per garantirne la sicurezza e la riservatezza mediante l\u2019utilizzo di idonee procedure che evitino il rischio di perdita, accesso non autorizzato, uso illecito e diffusione.<\/p>\n<p class=\"p2\"><b>Domande di carattere generale<\/b><\/p>\n<p class=\"p2\">Se un utente contatta MAESTRI DI LUCE SRL con una richiesta, l\u2019utente potrebbe dover fornire a MAESTRI DI LUCE SRL informazioni personali (ad esempio dettagli di contatto). MAESTRI DI LUCE SRL utilizzer\u00e0 queste informazioni personali per rispondere alle richieste e tenere traccia di ulteriore corrispondenza. Le informazioni, previo consenso espresso, potranno essere utilizzate anche per finalit\u00e0 di marketing e per raccogliere statistiche sulla gestione delle risposte, ecc\u2026<\/p>\n<p class=\"p2\"><b>Iscrizioni<\/b><\/p>\n<p class=\"p2\">Se un utente desidera iscriversi alle informazioni messe a disposizione da MAESTRI DI LUCE SRL, come newsletter, recensioni, ecc. MAESTRI DI LUCE SRL chieder\u00e0 un indirizzo e-mail e altre informazioni, pertinenti e necessarie per soddisfare la richiesta e, previo consenso, utilizzer\u00e0 questo indirizzo e-mail e le altre informazioni raccolte per soddisfare tali richieste. Gli utenti possono annullare l\u2019iscrizione a qualsiasi servizio a cui si sono abbonati in qualsiasi momento inviando una richiesta a info@maestridiluce.net. La revoca del consenso non pregiudica la liceit\u00e0 del trattamento basata sul consenso prima della revoca.<\/p>\n<p class=\"p2\"><b>Marketing<\/b><\/p>\n<p class=\"p2\">MAESTRI DI LUCE SRL, previo consenso dell\u2019interessato, pu\u00f2 utilizzare le informazioni raccolte presso gli utenti per finalit\u00e0 commerciali e di marketing, incluso l\u2019e-mail marketing. Pu\u00f2 combinare queste informazioni con dati ottenuti da altre fonti per aiutare MAESTRI DI LUCE SRL a migliorarne l\u2019accuratezza e la completezza e a personalizzare la sua interazione con gli utenti. Gli utenti possono scegliere di non ricevere materiale di marketing seguendo le istruzioni per l\u2019annullamento dell\u2019iscrizione incluse in ogni e-mail.<\/p>\n<p class=\"p2\"><b>Link esterno<\/b><\/p>\n<p class=\"p2\">Questo sito Web pu\u00f2 contenere collegamenti ad altri siti e MAESTRI DI LUCE SRL \u00a0non \u00e8 responsabile delle politiche sulla privacy o delle pratiche applicate da tali altri siti. Questa politica sulla privacy si applica solo alle informazioni raccolte da questo sito. Altre societ\u00e0 o siti Web collegati a questo sito o siti Web a cui questo sito si collega potrebbero avere le proprie politiche sulla privacy. Pertanto, ti invitiamo a leggere l\u2019informativa sulla privacy di ciascuno dei siti Web visitati o recensiti.<\/p>\n<p class=\"p2\"><b>Cookies<\/b><\/p>\n<p class=\"p2\">I sistemi informatici e le procedure software preposte al funzionamento di questo sito web acquisiscono, nel corso del loro normale esercizio, alcuni dati personali la cui trasmissione \u00e8 implicita nell\u2019uso dei protocolli di comunicazione di Internet. Si tratta di informazioni che non sono raccolte per essere associate a interessati identificati, ma che per loro stessa natura potrebbero, attraverso elaborazioni ed associazioni con dati detenuti da terzi, permettere di identificare gli utenti.<\/p>\n<p class=\"p2\">In questa categoria di dati rientrano gli indirizzi IP o i nomi a dominio dei computer utilizzati dagli utenti che si connettono al sito, gli indirizzi in notazione URI (Uniform Resource Identifier) \u200b\u200bdelle risorse richieste, l\u2019orario della richiesta, il metodo utilizzato nel sottoporre la richiesta al server, la dimensione del file ottenuto in risposta, il codice numerico indicante lo stato della risposta data dal server (buon fine, errore, ecc.) ed altri parametri relativi al sistema operativo e all\u2019ambiente informatico dell\u2019utente. L\u2019invio facoltativo, esplicito e volontario di posta elettronica agli indirizzi indicati su questo sito e\/o la compilazione di form di raccolta dati comporta la successiva acquisizione dell\u2019indirizzo del mittente, necessario per rispondere alle richieste, nonch\u00e9 di eventuali altri eventuali dati personali inseriti.<\/p>\n<p class=\"p4\"><b>Modifiche all\u2019informativa sulla privacy di <\/b><span class=\"s2\">MAESTRI DI LUCE SRL<\/span><\/p>\n<p class=\"p2\">MAESTRI DI LUCE SRL \u00a0avr\u00e0 il diritto, di volta in volta, di apportare modifiche a questa politica. Gli utenti di questo sito Web sono invitati a controllare periodicamente la presente informativa sulla privacy per nuove pratiche o modifiche alla stessa.<\/p>\n<p class=\"p2\"><b>Diritti dell\u2019utente<\/b><\/p>\n<p class=\"p2\">Relativamente ai dati personali trattati da MAESTRI DI LUCE SRL, Lei potr\u00e0 esercitare i diritti previsti dal Capo III del Regolamento UE 2016\/679 nei limiti ed alle condizioni previste dal citato regolamento.<\/p>\n<p class=\"p2\">In caso di prestazione del consenso al trattamento dei tuoi dati richiesto da MAESTRI DI LUCE SRL, ti informiamo che potrai revocarlo in qualsiasi momento, fermi restando gli adempimenti obbligatori previsti dalla normativa vigente al momento della richiesta di revoca, da parte di contattando il Titolare ai recapiti di seguito specificati. La revoca del consenso non pregiudica la liceit\u00e0 del trattamento basata sul consenso prestato prima della revoca.<\/p>\n<p class=\"p2\"><b>Come contattare Maestri di Luce Srl in merito alla privacy policy di questo sito<\/b><\/p>\n<p class=\"p2\">Per domande, dubbi o contestazioni sulla privacy policy di MAESTRI DI LUCE SRL, gli utenti sono invitati a scrivere via e-mail a info@maestridiluce.net<\/p>\n<p class=\"p2\">Diritto di presentare un reclamo<\/p>\n<p class=\"p2\">Gli interessati che ritengono che il trattamento dei dati personali che li riguardano effettuato attraverso questo sito avvenga in violazione di quanto previsto dal Regolamento hanno diritto di proporre reclamo al Garante per la protezione dei dati personali, come previsto dall\u2019art. 77 del Regolamento, o di adire le opportune sedi giudiziarie (art. 79 del Regolamento).<\/p>\n<p class=\"p2\"><b>Cookie Policy<\/b><\/p>\n[\/vc_column_text][vc_raw_html css=&#8221;&#8221;]JTNDc2NyaXB0JTIwaWQlM0QlMjJDb29raWVEZWNsYXJhdGlvbiUyMiUyMHNyYyUzRCUyMmh0dHBzJTNBJTJGJTJGY29uc2VudC5jb29raWVib3QuY29tJTJGMTdiNDU2OTUtZTc5Yi00N2EzLTk2YjItMzFlYTY1NGM2YjY0JTJGY2QuanMlMjIlMjB0eXBlJTNEJTIydGV4dCUyRmphdmFzY3JpcHQlMjIlMjBhc3luYyUzRSUzQyUyRnNjcmlwdCUzRQ==[\/vc_raw_html][\/vc_column][\/vc_row]\n","protected":false},"excerpt":{"rendered":"<p>[vc_row type=&#8221;in_container&#8221; full_screen_row_position=&#8221;middle&#8221; column_margin=&#8221;default&#8221; column_direction=&#8221;default&#8221; column_direction_tablet=&#8221;default&#8221; column_direction_phone=&#8221;default&#8221; scene_position=&#8221;center&#8221; text_color=&#8221;dark&#8221; text_align=&#8221;left&#8221; row_border_radius=&#8221;none&#8221; row_border_radius_applies=&#8221;bg&#8221; overflow=&#8221;visible&#8221; overlay_strength=&#8221;0.3&#8243; gradient_direction=&#8221;left_to_right&#8221; shape_divider_position=&#8221;bottom&#8221; bg_image_animation=&#8221;none&#8221;][vc_column column_padding=&#8221;no-extra-padding&#8221; column_padding_tablet=&#8221;inherit&#8221; column_padding_phone=&#8221;inherit&#8221; column_padding_position=&#8221;all&#8221; column_element_direction_desktop=&#8221;default&#8221; column_element_spacing=&#8221;default&#8221; desktop_text_alignment=&#8221;default&#8221; tablet_text_alignment=&#8221;default&#8221; phone_text_alignment=&#8221;default&#8221; background_color_opacity=&#8221;1&#8243; background_hover_color_opacity=&#8221;1&#8243; column_backdrop_filter=&#8221;none&#8221; column_shadow=&#8221;none&#8221;&#8230;<\/p>\n","protected":false},"author":3,"featured_media":0,"parent":0,"menu_order":0,"comment_status":"closed","ping_status":"closed","template":"","meta":{"footnotes":""},"class_list":["post-8182","page","type-page","status-publish"],"_links":{"self":[{"href":"https:\/\/maestridiluce.net\/it\/wp-json\/wp\/v2\/pages\/8182","targetHints":{"allow":["GET"]}}],"collection":[{"href":"https:\/\/maestridiluce.net\/it\/wp-json\/wp\/v2\/pages"}],"about":[{"href":"https:\/\/maestridiluce.net\/it\/wp-json\/wp\/v2\/types\/page"}],"author":[{"embeddable":true,"href":"https:\/\/maestridiluce.net\/it\/wp-json\/wp\/v2\/users\/3"}],"replies":[{"embeddable":true,"href":"https:\/\/maestridiluce.net\/it\/wp-json\/wp\/v2\/comments?post=8182"}],"version-history":[{"count":3,"href":"https:\/\/maestridiluce.net\/it\/wp-json\/wp\/v2\/pages\/8182\/revisions"}],"predecessor-version":[{"id":8191,"href":"https:\/\/maestridiluce.net\/it\/wp-json\/wp\/v2\/pages\/8182\/revisions\/8191"}],"wp:attachment":[{"href":"https:\/\/maestridiluce.net\/it\/wp-json\/wp\/v2\/media?parent=8182"}],"curies":[{"name":"wp","href":"https:\/\/api.w.org\/{rel}","templated":true}]}}